{"id":1427,"date":"2022-12-14T20:00:34","date_gmt":"2022-12-14T20:00:34","guid":{"rendered":"https:\/\/maykofi.com.co\/?page_id=1427"},"modified":"2022-12-15T23:58:26","modified_gmt":"2022-12-15T23:58:26","slug":"productos","status":"publish","type":"page","link":"https:\/\/maykofi.com.co\/index.php\/productos\/","title":{"rendered":"Productos"},"content":{"rendered":"\t\t<div data-elementor-type=\"wp-page\" data-elementor-id=\"1427\" class=\"elementor elementor-1427\" data-elementor-post-type=\"page\">\n\t\t\t\t\t\t<section class=\"elementor-section elementor-top-section elementor-element elementor-element-1f2be3a1 elementor-section-boxed elementor-section-height-default elementor-section-height-default\" data-id=\"1f2be3a1\" data-element_type=\"section\" data-e-type=\"section\" data-settings=\"{&quot;background_background&quot;:&quot;classic&quot;}\">\n\t\t\t\t\t\t\t<div class=\"elementor-background-overlay\"><\/div>\n\t\t\t\t\t\t\t<div class=\"elementor-container elementor-column-gap-default\">\n\t\t\t\t\t<div class=\"elementor-column elementor-col-100 elementor-top-column elementor-element elementor-element-2b977dc5\" data-id=\"2b977dc5\" data-element_type=\"column\" data-e-type=\"column\">\n\t\t\t<div class=\"elementor-widget-wrap elementor-element-populated\">\n\t\t\t\t\t\t<div class=\"elementor-element elementor-element-2ae8bee5 elementor-widget elementor-widget-theme-post-title elementor-page-title elementor-widget-heading\" data-id=\"2ae8bee5\" data-element_type=\"widget\" data-e-type=\"widget\" data-widget_type=\"theme-post-title.default\">\n\t\t\t\t<div class=\"elementor-widget-container\">\n\t\t\t\t\t<h1 class=\"elementor-heading-title elementor-size-default\">Productos<\/h1>\t\t\t\t<\/div>\n\t\t\t\t<\/div>\n\t\t\t\t\t<\/div>\n\t\t<\/div>\n\t\t\t\t\t<\/div>\n\t\t<\/section>\n\t\t<div class=\"elementor-element elementor-element-25385f2a e-flex e-con-boxed e-con e-parent\" data-id=\"25385f2a\" data-element_type=\"container\" data-e-type=\"container\">\n\t\t\t\t\t<div class=\"e-con-inner\">\n\t\t<div class=\"elementor-element elementor-element-1edb7354 e-con-full e-flex e-con e-parent\" data-id=\"1edb7354\" data-element_type=\"container\" data-e-type=\"container\">\n\t\t\t\t<div class=\"elementor-element elementor-element-43877a70 elementor-widget__width-initial elementor-widget elementor-widget-heading\" data-id=\"43877a70\" data-element_type=\"widget\" data-e-type=\"widget\" data-widget_type=\"heading.default\">\n\t\t\t\t<div class=\"elementor-widget-container\">\n\t\t\t\t\t<h2 class=\"elementor-heading-title elementor-size-default\">Nuestros Productos<\/h2>\t\t\t\t<\/div>\n\t\t\t\t<\/div>\n\t\t\t\t<\/div>\n\t\t<div class=\"elementor-element elementor-element-23810be1 e-con-full e-flex e-con e-parent\" data-id=\"23810be1\" data-element_type=\"container\" data-e-type=\"container\">\n\t\t\t\t<div class=\"elementor-element elementor-element-49313d4d elementor-position-top elementor-widget elementor-widget-image-box\" data-id=\"49313d4d\" data-element_type=\"widget\" data-e-type=\"widget\" data-widget_type=\"image-box.default\">\n\t\t\t\t<div class=\"elementor-widget-container\">\n\t\t\t\t\t<div class=\"elementor-image-box-wrapper\"><figure class=\"elementor-image-box-img\"><img fetchpriority=\"high\" decoding=\"async\" width=\"687\" height=\"1297\" src=\"https:\/\/maykofi.com.co\/wp-content\/uploads\/2022\/11\/maykofi-pack.png\" class=\"elementor-animation-bob attachment-full size-full wp-image-562\" alt=\"\" srcset=\"https:\/\/maykofi.com.co\/wp-content\/uploads\/2022\/11\/maykofi-pack.png 687w, https:\/\/maykofi.com.co\/wp-content\/uploads\/2022\/11\/maykofi-pack-159x300.png 159w, https:\/\/maykofi.com.co\/wp-content\/uploads\/2022\/11\/maykofi-pack-542x1024.png 542w\" sizes=\"(max-width: 687px) 100vw, 687px\" \/><\/figure><div class=\"elementor-image-box-content\"><h4 class=\"elementor-image-box-title\">Caf\u00e9 en grano verde<\/h4><\/div><\/div>\t\t\t\t<\/div>\n\t\t\t\t<\/div>\n\t\t\t\t<\/div>\n\t\t<div class=\"elementor-element elementor-element-74381477 e-con-full e-flex e-con e-parent\" data-id=\"74381477\" data-element_type=\"container\" data-e-type=\"container\">\n\t\t\t\t<div class=\"elementor-element elementor-element-a4a4ba4 elementor-position-top elementor-widget elementor-widget-image-box\" data-id=\"a4a4ba4\" data-element_type=\"widget\" data-e-type=\"widget\" data-widget_type=\"image-box.default\">\n\t\t\t\t<div class=\"elementor-widget-container\">\n\t\t\t\t\t<div class=\"elementor-image-box-wrapper\"><figure class=\"elementor-image-box-img\"><img fetchpriority=\"high\" decoding=\"async\" width=\"687\" height=\"1297\" src=\"https:\/\/maykofi.com.co\/wp-content\/uploads\/2022\/11\/maykofi-pack.png\" class=\"elementor-animation-bob attachment-full size-full wp-image-562\" alt=\"\" srcset=\"https:\/\/maykofi.com.co\/wp-content\/uploads\/2022\/11\/maykofi-pack.png 687w, https:\/\/maykofi.com.co\/wp-content\/uploads\/2022\/11\/maykofi-pack-159x300.png 159w, https:\/\/maykofi.com.co\/wp-content\/uploads\/2022\/11\/maykofi-pack-542x1024.png 542w\" sizes=\"(max-width: 687px) 100vw, 687px\" \/><\/figure><div class=\"elementor-image-box-content\"><h4 class=\"elementor-image-box-title\">Caf\u00e9 en grano tostado<\/h4><\/div><\/div>\t\t\t\t<\/div>\n\t\t\t\t<\/div>\n\t\t\t\t<\/div>\n\t\t<div class=\"elementor-element elementor-element-47b02d51 e-con-full e-flex e-con e-parent\" data-id=\"47b02d51\" data-element_type=\"container\" data-e-type=\"container\">\n\t\t\t\t<div class=\"elementor-element elementor-element-2a3eb2a9 elementor-position-top elementor-widget elementor-widget-image-box\" data-id=\"2a3eb2a9\" data-element_type=\"widget\" data-e-type=\"widget\" data-widget_type=\"image-box.default\">\n\t\t\t\t<div class=\"elementor-widget-container\">\n\t\t\t\t\t<div class=\"elementor-image-box-wrapper\"><figure class=\"elementor-image-box-img\"><img fetchpriority=\"high\" decoding=\"async\" width=\"687\" height=\"1297\" src=\"https:\/\/maykofi.com.co\/wp-content\/uploads\/2022\/11\/maykofi-pack.png\" class=\"elementor-animation-bob attachment-full size-full wp-image-562\" alt=\"\" srcset=\"https:\/\/maykofi.com.co\/wp-content\/uploads\/2022\/11\/maykofi-pack.png 687w, https:\/\/maykofi.com.co\/wp-content\/uploads\/2022\/11\/maykofi-pack-159x300.png 159w, https:\/\/maykofi.com.co\/wp-content\/uploads\/2022\/11\/maykofi-pack-542x1024.png 542w\" sizes=\"(max-width: 687px) 100vw, 687px\" \/><\/figure><div class=\"elementor-image-box-content\"><h4 class=\"elementor-image-box-title\">Caf\u00e9  tostado y molido<\/h4><\/div><\/div>\t\t\t\t<\/div>\n\t\t\t\t<\/div>\n\t\t\t\t<\/div>\n\t\t<div class=\"elementor-element elementor-element-157a0ee3 e-con-full e-flex e-con e-parent\" data-id=\"157a0ee3\" data-element_type=\"container\" data-e-type=\"container\">\n\t\t\t\t<div class=\"elementor-element elementor-element-49c443b0 elementor-align-center elementor-widget elementor-widget-button\" data-id=\"49c443b0\" data-element_type=\"widget\" data-e-type=\"widget\" data-widget_type=\"button.default\">\n\t\t\t\t<div class=\"elementor-widget-container\">\n\t\t\t\t\t\t\t\t\t<div class=\"elementor-button-wrapper\">\n\t\t\t\t\t<a class=\"elementor-button elementor-button-link elementor-size-md\" href=\"https:\/\/maykofi.com.co\/index.php\/nosotros\/\">\n\t\t\t\t\t\t<span class=\"elementor-button-content-wrapper\">\n\t\t\t\t\t\t\t\t\t<span class=\"elementor-button-text\">Conozca M\u00e1s<\/span>\n\t\t\t\t\t<\/span>\n\t\t\t\t\t<\/a>\n\t\t\t\t<\/div>\n\t\t\t\t\t\t\t\t<\/div>\n\t\t\t\t<\/div>\n\t\t\t\t<\/div>\n\t\t\t\t\t<\/div>\n\t\t\t\t<\/div>\n\t\t\t\t<\/div>\n\t\t","protected":false},"excerpt":{"rendered":"<p>Nuestros Productos Caf\u00e9 en grano verde Caf\u00e9 en grano tostado Caf\u00e9 tostado y molido Conozca M\u00e1s<\/p>\n","protected":false},"author":1,"featured_media":0,"parent":0,"menu_order":0,"comment_status":"closed","ping_status":"closed","template":"elementor_header_footer","meta":{"footnotes":""},"class_list":["post-1427","page","type-page","status-publish","hentry"],"_links":{"self":[{"href":"https:\/\/maykofi.com.co\/index.php\/wp-json\/wp\/v2\/pages\/1427","targetHints":{"allow":["GET"]}}],"collection":[{"href":"https:\/\/maykofi.com.co\/index.php\/wp-json\/wp\/v2\/pages"}],"about":[{"href":"https:\/\/maykofi.com.co\/index.php\/wp-json\/wp\/v2\/types\/page"}],"author":[{"embeddable":true,"href":"https:\/\/maykofi.com.co\/index.php\/wp-json\/wp\/v2\/users\/1"}],"replies":[{"embeddable":true,"href":"https:\/\/maykofi.com.co\/index.php\/wp-json\/wp\/v2\/comments?post=1427"}],"version-history":[{"count":58,"href":"https:\/\/maykofi.com.co\/index.php\/wp-json\/wp\/v2\/pages\/1427\/revisions"}],"predecessor-version":[{"id":1546,"href":"https:\/\/maykofi.com.co\/index.php\/wp-json\/wp\/v2\/pages\/1427\/revisions\/1546"}],"wp:attachment":[{"href":"https:\/\/maykofi.com.co\/index.php\/wp-json\/wp\/v2\/media?parent=1427"}],"curies":[{"name":"wp","href":"https:\/\/api.w.org\/{rel}","templated":true}]}}